{"id":5064,"date":"2020-10-28T06:20:34","date_gmt":"2020-10-28T06:20:34","guid":{"rendered":"https:\/\/nebras-dentalore.com\/index.php\/a-propos-de-nous\/"},"modified":"2025-04-22T12:27:43","modified_gmt":"2025-04-22T12:27:43","slug":"a-propos-de-nous","status":"publish","type":"page","link":"https:\/\/nebras-dentalore.com\/fr\/a-propos-de-nous\/","title":{"rendered":"A propos de nous"},"content":{"rendered":"\t\t<div data-elementor-type=\"wp-page\" data-elementor-id=\"5064\" class=\"elementor elementor-5064 elementor-37\" data-elementor-post-type=\"page\">\n\t\t\t\t\t\t<section class=\"elementor-section elementor-top-section elementor-element elementor-element-c891366 elementor-section-boxed elementor-section-height-default elementor-section-height-default\" data-id=\"c891366\" data-element_type=\"section\" data-e-type=\"section\" data-settings=\"{&quot;background_background&quot;:&quot;classic&quot;}\">\n\t\t\t\t\t\t\t<div class=\"elementor-background-overlay\"><\/div>\n\t\t\t\t\t\t\t<div class=\"elementor-container elementor-column-gap-default\">\n\t\t\t\t\t<div class=\"elementor-column elementor-col-100 elementor-top-column elementor-element elementor-element-eb20d9c\" data-id=\"eb20d9c\" data-element_type=\"column\" data-e-type=\"column\">\n\t\t\t<div class=\"elementor-widget-wrap elementor-element-populated\">\n\t\t\t\t\t\t<div class=\"elementor-element elementor-element-1088cd0 elementor-widget elementor-widget-heading\" data-id=\"1088cd0\" data-element_type=\"widget\" data-e-type=\"widget\" data-widget_type=\"heading.default\">\n\t\t\t\t<div class=\"elementor-widget-container\">\n\t\t\t\t\t<h2 class=\"elementor-heading-title elementor-size-default\">Solution de gestion tout-en-un<\/h2>\t\t\t\t<\/div>\n\t\t\t\t<\/div>\n\t\t\t\t\t<\/div>\n\t\t<\/div>\n\t\t\t\t\t<\/div>\n\t\t<\/section>\n\t\t\t\t<section class=\"elementor-section elementor-top-section elementor-element elementor-element-ee26e02 elementor-section-content-middle elementor-section-boxed elementor-section-height-default elementor-section-height-default\" data-id=\"ee26e02\" data-element_type=\"section\" data-e-type=\"section\">\n\t\t\t\t\t\t<div class=\"elementor-container elementor-column-gap-default\">\n\t\t\t\t\t<div class=\"elementor-column elementor-col-50 elementor-top-column elementor-element elementor-element-30a3624\" data-id=\"30a3624\" data-element_type=\"column\" data-e-type=\"column\">\n\t\t\t<div class=\"elementor-widget-wrap elementor-element-populated\">\n\t\t\t\t\t\t<div class=\"elementor-element elementor-element-63c03f7 animated-slow elementor-invisible elementor-widget elementor-widget-image\" data-id=\"63c03f7\" data-element_type=\"widget\" data-e-type=\"widget\" data-settings=\"{&quot;_animation&quot;:&quot;fadeIn&quot;}\" data-widget_type=\"image.default\">\n\t\t\t\t<div class=\"elementor-widget-container\">\n\t\t\t\t\t\t\t\t\t\t\t\t\t\t\t<img fetchpriority=\"high\" decoding=\"async\" width=\"586\" height=\"755\" src=\"https:\/\/nebras-dentalore.com\/wp-content\/uploads\/2022\/01\/zz.png\" class=\"attachment-full size-full wp-image-5083\" alt=\"\" srcset=\"https:\/\/nebras-dentalore.com\/wp-content\/uploads\/2022\/01\/zz.png 586w, https:\/\/nebras-dentalore.com\/wp-content\/uploads\/2022\/01\/zz-233x300.png 233w\" sizes=\"(max-width: 586px) 100vw, 586px\" \/>\t\t\t\t\t\t\t\t\t\t\t\t\t\t\t<\/div>\n\t\t\t\t<\/div>\n\t\t\t\t\t<\/div>\n\t\t<\/div>\n\t\t\t\t<div class=\"elementor-column elementor-col-50 elementor-top-column elementor-element elementor-element-f5143d4 elementor-invisible\" data-id=\"f5143d4\" data-element_type=\"column\" data-e-type=\"column\" data-settings=\"{&quot;animation&quot;:&quot;fadeInRight&quot;}\">\n\t\t\t<div class=\"elementor-widget-wrap elementor-element-populated\">\n\t\t\t\t\t\t<div class=\"elementor-element elementor-element-e4c3a29 elementor-widget elementor-widget-heading\" data-id=\"e4c3a29\" data-element_type=\"widget\" data-e-type=\"widget\" data-widget_type=\"heading.default\">\n\t\t\t\t<div class=\"elementor-widget-container\">\n\t\t\t\t\t<h2 class=\"elementor-heading-title elementor-size-default\">Pr\u00e9sentation de l\u2019entreprise<\/h2>\t\t\t\t<\/div>\n\t\t\t\t<\/div>\n\t\t\t\t<div class=\"elementor-element elementor-element-eaeb741 elementor-widget elementor-widget-text-editor\" data-id=\"eaeb741\" data-element_type=\"widget\" data-e-type=\"widget\" data-widget_type=\"text-editor.default\">\n\t\t\t\t<div class=\"elementor-widget-container\">\n\t\t\t\t\t\t\t\t\t<span style=\"color: #f67d20;\">Nebras Technology<\/span> d\u00e9veloppe des syst\u00e8mes d&#8217;information pour les soins de sant\u00e9 con\u00e7us pour am\u00e9liorer la productivit\u00e9, la qualit\u00e9 de service et la rentabilit\u00e9 des cliniques dentaires, des centres de radiologie et des services d\u2019endoscopie. Les produits de <span style=\"color: #f67d20;\">Nebras Technology<\/span> sont pr\u00e9sents sur le march\u00e9 depuis 2005 et ont acquis une excellente r\u00e9putation. L\u2019entreprise vend ses produits directement ainsi que par l\u2019interm\u00e9diaire de distributeurs, tant dans le secteur priv\u00e9 que public.\nLa philosophie de <span style=\"color: #f67d20;\">Nebras Technology<\/span> en mati\u00e8re de d\u00e9veloppement de logiciels m\u00e9dicaux repose sur la fiabilit\u00e9, la simplicit\u00e9 d\u2019utilisation et un engagement envers un service exceptionnel. Notre approche commerciale et marketing est fond\u00e9e sur la rentabilit\u00e9, afin d\u2019offrir le meilleur rapport qualit\u00e9\/prix sur les march\u00e9s locaux et r\u00e9gionaux. Cette d\u00e9marche bas\u00e9e sur des principes solides nous a permis de gagner la confiance de nos clients et de devenir le fournisseur privil\u00e9gi\u00e9 de nombreux partenaires, tant au niveau local qu\u2019international.\t\t\t\t\t\t\t\t<\/div>\n\t\t\t\t<\/div>\n\t\t\t\t\t<\/div>\n\t\t<\/div>\n\t\t\t\t\t<\/div>\n\t\t<\/section>\n\t\t\t\t<section class=\"elementor-section elementor-top-section elementor-element elementor-element-f06cc22 elementor-section-boxed elementor-section-height-default elementor-section-height-default\" data-id=\"f06cc22\" data-element_type=\"section\" data-e-type=\"section\" data-settings=\"{&quot;background_background&quot;:&quot;classic&quot;}\">\n\t\t\t\t\t\t<div class=\"elementor-container elementor-column-gap-default\">\n\t\t\t\t\t<div class=\"elementor-column elementor-col-100 elementor-top-column elementor-element elementor-element-8a70c49 elementor-invisible\" data-id=\"8a70c49\" data-element_type=\"column\" data-e-type=\"column\" data-settings=\"{&quot;animation&quot;:&quot;fadeInRight&quot;}\">\n\t\t\t<div class=\"elementor-widget-wrap elementor-element-populated\">\n\t\t\t\t\t\t<div class=\"elementor-element elementor-element-2e20ec5 elementor-widget elementor-widget-heading\" data-id=\"2e20ec5\" data-element_type=\"widget\" data-e-type=\"widget\" data-widget_type=\"heading.default\">\n\t\t\t\t<div class=\"elementor-widget-container\">\n\t\t\t\t\t<h2 class=\"elementor-heading-title elementor-size-default\">March\u00e9s cibles<\/h2>\t\t\t\t<\/div>\n\t\t\t\t<\/div>\n\t\t\t\t<div class=\"elementor-element elementor-element-3178d66 elementor-widget elementor-widget-image\" data-id=\"3178d66\" data-element_type=\"widget\" data-e-type=\"widget\" data-widget_type=\"image.default\">\n\t\t\t\t<div class=\"elementor-widget-container\">\n\t\t\t\t\t\t\t\t\t\t\t\t\t\t\t<img decoding=\"async\" width=\"1920\" height=\"562\" src=\"https:\/\/nebras-dentalore.com\/wp-content\/uploads\/2022\/01\/map-1.jpg\" class=\"attachment-full size-full wp-image-5085\" alt=\"\" srcset=\"https:\/\/nebras-dentalore.com\/wp-content\/uploads\/2022\/01\/map-1.jpg 1920w, https:\/\/nebras-dentalore.com\/wp-content\/uploads\/2022\/01\/map-1-300x88.jpg 300w, https:\/\/nebras-dentalore.com\/wp-content\/uploads\/2022\/01\/map-1-1024x300.jpg 1024w, https:\/\/nebras-dentalore.com\/wp-content\/uploads\/2022\/01\/map-1-768x225.jpg 768w, https:\/\/nebras-dentalore.com\/wp-content\/uploads\/2022\/01\/map-1-1536x450.jpg 1536w\" sizes=\"(max-width: 1920px) 100vw, 1920px\" \/>\t\t\t\t\t\t\t\t\t\t\t\t\t\t\t<\/div>\n\t\t\t\t<\/div>\n\t\t\t\t<section class=\"elementor-section elementor-inner-section elementor-element elementor-element-485766b elementor-section-boxed elementor-section-height-default elementor-section-height-default\" data-id=\"485766b\" data-element_type=\"section\" data-e-type=\"section\">\n\t\t\t\t\t\t<div class=\"elementor-container elementor-column-gap-default\">\n\t\t\t\t\t<div class=\"elementor-column elementor-col-50 elementor-inner-column elementor-element elementor-element-fc5a6e9\" data-id=\"fc5a6e9\" data-element_type=\"column\" data-e-type=\"column\">\n\t\t\t<div class=\"elementor-widget-wrap elementor-element-populated\">\n\t\t\t\t\t\t<div class=\"elementor-element elementor-element-f5c7e01 elementor-widget elementor-widget-text-editor\" data-id=\"f5c7e01\" data-element_type=\"widget\" data-e-type=\"widget\" data-widget_type=\"text-editor.default\">\n\t\t\t\t<div class=\"elementor-widget-container\">\n\t\t\t\t\t\t\t\t\t<span style=\"color: #f67d20;\">Nebras Technology<\/span> vend ses produits directement ainsi que par l\u2019interm\u00e9diaire de distributeurs, aussi bien au secteur priv\u00e9 qu\u2019au secteur public. Elle compte plus de 3 000 clients en \u00c9gypte, en Arabie Saoudite, au Qatar, \u00e0 Bahre\u00efn, en Malaisie, en Irak et aux \u00c9mirats arabes unis.\nNotre march\u00e9 cible varie selon chaque gamme de produits. Pour l\u2019endoscopie et la radiologie, nous nous adressons aux centres d\u2019endoscopie, aux unit\u00e9s d\u2019endoscopie dans les h\u00f4pitaux et les cliniques externes, ainsi qu\u2019aux centres et services de radiologie.\t\t\t\t\t\t\t\t<\/div>\n\t\t\t\t<\/div>\n\t\t\t\t\t<\/div>\n\t\t<\/div>\n\t\t\t\t<div class=\"elementor-column elementor-col-50 elementor-inner-column elementor-element elementor-element-30baf70\" data-id=\"30baf70\" data-element_type=\"column\" data-e-type=\"column\">\n\t\t\t<div class=\"elementor-widget-wrap elementor-element-populated\">\n\t\t\t\t\t\t<div class=\"elementor-element elementor-element-ad49858 elementor-widget elementor-widget-text-editor\" data-id=\"ad49858\" data-element_type=\"widget\" data-e-type=\"widget\" data-widget_type=\"text-editor.default\">\n\t\t\t\t<div class=\"elementor-widget-container\">\n\t\t\t\t\t\t\t\t\t<p>Nos produits de gestion des informations patient, d\u2019impression et de g\u00e9n\u00e9ration de rapports sur postes de travail couvrent diverses modalit\u00e9s d\u2019imagerie, notamment le cath-lab, l\u2019\u00e9chographie, le scanner (CT) et la radiographie num\u00e9rique.<br \/>Nos solutions de gestion de cabinet dentaire s\u2019adressent \u00e0 l\u2019ensemble des prestataires de soins dentaires, qu\u2019il s\u2019agisse de petits cabinets ou de grands centres dentaires. Elles sont con\u00e7ues pour \u00eatre \u00e9volutives afin d\u2019accompagner la croissance de la clinique ou du centre dentaire au fil du temps.<\/p>\t\t\t\t\t\t\t\t<\/div>\n\t\t\t\t<\/div>\n\t\t\t\t\t<\/div>\n\t\t<\/div>\n\t\t\t\t\t<\/div>\n\t\t<\/section>\n\t\t\t\t\t<\/div>\n\t\t<\/div>\n\t\t\t\t\t<\/div>\n\t\t<\/section>\n\t\t\t\t<section class=\"elementor-section elementor-top-section elementor-element elementor-element-e017271 elementor-section-full_width funfact__about elementor-section-height-default elementor-section-height-default\" data-id=\"e017271\" data-element_type=\"section\" data-e-type=\"section\">\n\t\t\t\t\t\t<div class=\"elementor-container elementor-column-gap-no\">\n\t\t\t\t\t<div class=\"elementor-column elementor-col-100 elementor-top-column elementor-element elementor-element-31796dd\" data-id=\"31796dd\" data-element_type=\"column\" data-e-type=\"column\">\n\t\t\t<div class=\"elementor-widget-wrap elementor-element-populated\">\n\t\t\t\t\t\t<div class=\"elementor-element elementor-element-4660fe1 elementor-widget elementor-widget-zimed-video\" data-id=\"4660fe1\" data-element_type=\"widget\" data-e-type=\"widget\" data-widget_type=\"zimed-video.default\">\n\t\t\t\t<div class=\"elementor-widget-container\">\n\t\t\t\t\t        \r\n                    <section class=\"video-two jarallax\" data-jarallax data-speed=\"0.5\" data-imgPosition=\"50% 80%\">\r\n                <img decoding=\"async\" src=\"http:\/\/nebras-dentalore.com\/wp-content\/uploads\/2022\/01\/2.jpg\" alt=\"Solutions de gestion de clinique dentaire\" class=\"jarallax-img\">\r\n                <div class=\"container\">\r\n                    <div class=\"video-two__content text-center\">\r\n                        <a href=\"https:\/\/www.youtube.com\/watch?v=bjqP0rNdjlE\" class=\"video-popup\" target=\"_blank\" rel=\"noopener\"><i class=\"fa fa-play\"><\/i><\/a>\r\n                        <h3>Solutions de gestion de clinique dentaire<\/h3>\r\n                    <\/div><!-- \/.video-two__content -->\r\n                <\/div><!-- \/.container -->\r\n            <\/section><!-- \/.video-two -->\r\n        \r\n\t\t\t\t<\/div>\n\t\t\t\t<\/div>\n\t\t\t\t\t<\/div>\n\t\t<\/div>\n\t\t\t\t\t<\/div>\n\t\t<\/section>\n\t\t\t\t<section class=\"elementor-section elementor-top-section elementor-element elementor-element-805bd51 elementor-section-boxed elementor-section-height-default elementor-section-height-default\" data-id=\"805bd51\" data-element_type=\"section\" data-e-type=\"section\">\n\t\t\t\t\t\t<div class=\"elementor-container elementor-column-gap-default\">\n\t\t\t\t\t<div class=\"elementor-column elementor-col-20 elementor-top-column elementor-element elementor-element-b94c91c\" data-id=\"b94c91c\" data-element_type=\"column\" data-e-type=\"column\">\n\t\t\t<div class=\"elementor-widget-wrap elementor-element-populated\">\n\t\t\t\t\t\t<div class=\"elementor-element elementor-element-9227517 elementor-widget elementor-widget-counter\" data-id=\"9227517\" data-element_type=\"widget\" data-e-type=\"widget\" data-widget_type=\"counter.default\">\n\t\t\t\t<div class=\"elementor-widget-container\">\n\t\t\t\t\t\t\t<div class=\"elementor-counter\">\n\t\t\t<div class=\"elementor-counter-title\">Cliniques<\/div>\t\t\t<div class=\"elementor-counter-number-wrapper\">\n\t\t\t\t<span class=\"elementor-counter-number-prefix\"><\/span>\n\t\t\t\t<span class=\"elementor-counter-number\" data-duration=\"2000\" data-to-value=\"1.1\" data-from-value=\"0\" data-delimiter=\",\">0<\/span>\n\t\t\t\t<span class=\"elementor-counter-number-suffix\">K +<\/span>\n\t\t\t<\/div>\n\t\t<\/div>\n\t\t\t\t\t\t<\/div>\n\t\t\t\t<\/div>\n\t\t\t\t\t<\/div>\n\t\t<\/div>\n\t\t\t\t<div class=\"elementor-column elementor-col-20 elementor-top-column elementor-element elementor-element-012cca8\" data-id=\"012cca8\" data-element_type=\"column\" data-e-type=\"column\">\n\t\t\t<div class=\"elementor-widget-wrap elementor-element-populated\">\n\t\t\t\t\t\t<div class=\"elementor-element elementor-element-c93bfa2 elementor-widget elementor-widget-counter\" data-id=\"c93bfa2\" data-element_type=\"widget\" data-e-type=\"widget\" data-widget_type=\"counter.default\">\n\t\t\t\t<div class=\"elementor-widget-container\">\n\t\t\t\t\t\t\t<div class=\"elementor-counter\">\n\t\t\t<div class=\"elementor-counter-title\">Dentistes<\/div>\t\t\t<div class=\"elementor-counter-number-wrapper\">\n\t\t\t\t<span class=\"elementor-counter-number-prefix\"><\/span>\n\t\t\t\t<span class=\"elementor-counter-number\" data-duration=\"2000\" data-to-value=\"6.1\" data-from-value=\"0\" data-delimiter=\",\">0<\/span>\n\t\t\t\t<span class=\"elementor-counter-number-suffix\">K +<\/span>\n\t\t\t<\/div>\n\t\t<\/div>\n\t\t\t\t\t\t<\/div>\n\t\t\t\t<\/div>\n\t\t\t\t\t<\/div>\n\t\t<\/div>\n\t\t\t\t<div class=\"elementor-column elementor-col-20 elementor-top-column elementor-element elementor-element-659f6ac\" data-id=\"659f6ac\" data-element_type=\"column\" data-e-type=\"column\">\n\t\t\t<div class=\"elementor-widget-wrap elementor-element-populated\">\n\t\t\t\t\t\t<div class=\"elementor-element elementor-element-8dccd12 elementor-widget elementor-widget-counter\" data-id=\"8dccd12\" data-element_type=\"widget\" data-e-type=\"widget\" data-widget_type=\"counter.default\">\n\t\t\t\t<div class=\"elementor-widget-container\">\n\t\t\t\t\t\t\t<div class=\"elementor-counter\">\n\t\t\t<div class=\"elementor-counter-title\">Utilisateurs<\/div>\t\t\t<div class=\"elementor-counter-number-wrapper\">\n\t\t\t\t<span class=\"elementor-counter-number-prefix\"><\/span>\n\t\t\t\t<span class=\"elementor-counter-number\" data-duration=\"2000\" data-to-value=\"10.2\" data-from-value=\"0\" data-delimiter=\",\">0<\/span>\n\t\t\t\t<span class=\"elementor-counter-number-suffix\">K +<\/span>\n\t\t\t<\/div>\n\t\t<\/div>\n\t\t\t\t\t\t<\/div>\n\t\t\t\t<\/div>\n\t\t\t\t\t<\/div>\n\t\t<\/div>\n\t\t\t\t<div class=\"elementor-column elementor-col-20 elementor-top-column elementor-element elementor-element-a2912a9\" data-id=\"a2912a9\" data-element_type=\"column\" data-e-type=\"column\">\n\t\t\t<div class=\"elementor-widget-wrap elementor-element-populated\">\n\t\t\t\t\t\t<div class=\"elementor-element elementor-element-34ced96 elementor-widget elementor-widget-counter\" data-id=\"34ced96\" data-element_type=\"widget\" data-e-type=\"widget\" data-widget_type=\"counter.default\">\n\t\t\t\t<div class=\"elementor-widget-container\">\n\t\t\t\t\t\t\t<div class=\"elementor-counter\">\n\t\t\t<div class=\"elementor-counter-title\">pays<\/div>\t\t\t<div class=\"elementor-counter-number-wrapper\">\n\t\t\t\t<span class=\"elementor-counter-number-prefix\"><\/span>\n\t\t\t\t<span class=\"elementor-counter-number\" data-duration=\"2000\" data-to-value=\"10\" data-from-value=\"0\" data-delimiter=\",\">0<\/span>\n\t\t\t\t<span class=\"elementor-counter-number-suffix\"> +<\/span>\n\t\t\t<\/div>\n\t\t<\/div>\n\t\t\t\t\t\t<\/div>\n\t\t\t\t<\/div>\n\t\t\t\t\t<\/div>\n\t\t<\/div>\n\t\t\t\t<div class=\"elementor-column elementor-col-20 elementor-top-column elementor-element elementor-element-49853fa\" data-id=\"49853fa\" data-element_type=\"column\" data-e-type=\"column\">\n\t\t\t<div class=\"elementor-widget-wrap elementor-element-populated\">\n\t\t\t\t\t\t<div class=\"elementor-element elementor-element-99134c6 elementor-widget elementor-widget-counter\" data-id=\"99134c6\" data-element_type=\"widget\" data-e-type=\"widget\" data-widget_type=\"counter.default\">\n\t\t\t\t<div class=\"elementor-widget-container\">\n\t\t\t\t\t\t\t<div class=\"elementor-counter\">\n\t\t\t<div class=\"elementor-counter-title\">Patients<\/div>\t\t\t<div class=\"elementor-counter-number-wrapper\">\n\t\t\t\t<span class=\"elementor-counter-number-prefix\"><\/span>\n\t\t\t\t<span class=\"elementor-counter-number\" data-duration=\"2000\" data-to-value=\"3.4\" data-from-value=\"0\" data-delimiter=\",\">0<\/span>\n\t\t\t\t<span class=\"elementor-counter-number-suffix\">M +<\/span>\n\t\t\t<\/div>\n\t\t<\/div>\n\t\t\t\t\t\t<\/div>\n\t\t\t\t<\/div>\n\t\t\t\t\t<\/div>\n\t\t<\/div>\n\t\t\t\t\t<\/div>\n\t\t<\/section>\n\t\t\t\t<\/div>\n\t\t","protected":false},"excerpt":{"rendered":"<p>Solution de gestion tout-en-un Pr\u00e9sentation de l\u2019entreprise Nebras Technology d\u00e9veloppe des syst\u00e8mes d&#8217;information pour les soins de sant\u00e9 con\u00e7us pour am\u00e9liorer la productivit\u00e9, la qualit\u00e9 de service et la rentabilit\u00e9 des cliniques dentaires, des centres de radiologie et des services d\u2019endoscopie. Les produits de Nebras Technology sont pr\u00e9sents sur le march\u00e9 depuis 2005 et ont [&hellip;]<\/p>\n","protected":false},"author":2,"featured_media":0,"parent":0,"menu_order":0,"comment_status":"closed","ping_status":"closed","template":"page-fullwidth.php","meta":{"footnotes":""},"class_list":["post-5064","page","type-page","status-publish","hentry"],"_links":{"self":[{"href":"https:\/\/nebras-dentalore.com\/fr\/wp-json\/wp\/v2\/pages\/5064","targetHints":{"allow":["GET"]}}],"collection":[{"href":"https:\/\/nebras-dentalore.com\/fr\/wp-json\/wp\/v2\/pages"}],"about":[{"href":"https:\/\/nebras-dentalore.com\/fr\/wp-json\/wp\/v2\/types\/page"}],"author":[{"embeddable":true,"href":"https:\/\/nebras-dentalore.com\/fr\/wp-json\/wp\/v2\/users\/2"}],"replies":[{"embeddable":true,"href":"https:\/\/nebras-dentalore.com\/fr\/wp-json\/wp\/v2\/comments?post=5064"}],"version-history":[{"count":16,"href":"https:\/\/nebras-dentalore.com\/fr\/wp-json\/wp\/v2\/pages\/5064\/revisions"}],"predecessor-version":[{"id":5762,"href":"https:\/\/nebras-dentalore.com\/fr\/wp-json\/wp\/v2\/pages\/5064\/revisions\/5762"}],"wp:attachment":[{"href":"https:\/\/nebras-dentalore.com\/fr\/wp-json\/wp\/v2\/media?parent=5064"}],"curies":[{"name":"wp","href":"https:\/\/api.w.org\/{rel}","templated":true}]}}